{"id":69,"date":"2025-05-31T13:29:32","date_gmt":"2025-05-31T13:29:32","guid":{"rendered":"https:\/\/carnesbrangus.com\/?page_id=69"},"modified":"2025-11-18T00:19:01","modified_gmt":"2025-11-18T00:19:01","slug":"nuestra-historia","status":"publish","type":"page","link":"https:\/\/carnesbrangus.com\/index.php\/nuestra-historia\/","title":{"rendered":"Nuestra Historia"},"content":{"rendered":"\n<div class=\"wp-block-columns is-layout-flex wp-container-core-columns-is-layout-28f84493 wp-block-columns-is-layout-flex\">\n<div class=\"wp-block-column is-layout-flow wp-block-column-is-layout-flow\">\n<figure class=\"wp-block-image size-large\">\n  <img loading=\"lazy\" decoding=\"async\" width=\"720\" height=\"1080\" \n    src=\"https:\/\/carnesbrangus.com\/wp-content\/uploads\/2025\/11\/1PersonajeHistoriaBrangus.jpg\"\n    alt=\"\"\n    class=\"wp-image-283\"\n    style=\"border-radius: 30px; width: 96%;\"\n  \/>\n<\/figure>\n<\/div>\n\n\n\n<div class=\"wp-block-column is-layout-flow wp-block-column-is-layout-flow\">\n<section style=\"font-family: 'Segoe UI', sans-serif; font-size: 16px; color: #333; text-align: center; padding: 20px;\">\n  <div style=\"margin-bottom: 10px;\">\n    <h3 style=\"color: #800000; margin: 5px 0;\">\n              Nuestra Historia\n      <\/a>\n    <\/h3>\n  <\/div>\n\n  <p style=\"max-width: 800px; margin: 0 auto; text-align: justify;\">\n    La historia de Carnes Brangus comenz\u00f3 hace m\u00e1s de 40 a\u00f1os con don Arnold, un hombre visionario nacido en las monta\u00f1as ganaderas del norte del Valle del Cauca. Desde joven, aprendi\u00f3 el arte de la ganader\u00eda, cuidando con esmero cada animal como parte de su familia. Con la convicci\u00f3n de ofrecer carnes de la m\u00e1s alta calidad, decidi\u00f3 trasladarse a la ciudad de Cali en busca de nuevas oportunidades.\n  <\/p>\n\n  <br>\n\n  <p style=\"max-width: 800px; margin: 0 auto; text-align: justify;\">\n    En los a\u00f1os 80, don Arnold instal\u00f3 su primer punto de venta en el barrio San Nicol\u00e1s, gan\u00e1ndose r\u00e1pidamente la confianza de los cale\u00f1os gracias a la frescura de sus productos y su trato cercano. Con esfuerzo, innovaci\u00f3n y un firme compromiso con la calidad. Somos una empresa vallecaucana con coraz\u00f3n campesino y orgullo colombiano.\n  <\/p>\n\n  <br>\n\n  <p style=\"max-width: 800px; margin: 0 auto; text-align: justify;\">\n    Adem\u00e1s de nuestros puntos de venta propios, una red de distribuci\u00f3n eficiente y una infraestructura moderna; implementamos un riguroso sistema de trazabilidad que nos permite monitorear cada etapa del proceso productivo, desde la recepci\u00f3n de la materia prima hasta la distribuci\u00f3n final del producto. Esto nos brinda un control preciso sobre la calidad y nos permite responder con eficacia ante cualquier eventualidad.\n  <\/p>\n <br>\n<p style=\"max-width: 800px; margin: 0 auto; text-align: justify;\">\nNuestra planta no solo cumple con los requisitos normativos, sino que tambi\u00e9n apuesta por la mejora continua, incorporando tecnolog\u00edas limpias y pr\u00e1cticas sostenibles que reducen el impacto ambiental y refuerzan nuestro compromiso con la salud p\u00fablica y el bienestar animal.\n  <\/p>\n  <br>\n<\/section>\n<\/div>\n<\/div>\n","protected":false},"excerpt":{"rendered":"<p>Nuestra Historia La historia de Carnes Brangus comenz\u00f3 hace m\u00e1s de 40 a\u00f1os con don Arnold, un hombre visionario nacido [&hellip;]<\/p>\n","protected":false},"author":1,"featured_media":0,"parent":0,"menu_order":0,"comment_status":"closed","ping_status":"closed","template":"","meta":{"site-sidebar-layout":"default","site-content-layout":"","ast-site-content-layout":"default","site-content-style":"default","site-sidebar-style":"default","ast-global-header-display":"","ast-banner-title-visibility":"","ast-main-header-display":"","ast-hfb-above-header-display":"","ast-hfb-below-header-display":"","ast-hfb-mobile-header-display":"","site-post-title":"","ast-breadcrumbs-content":"","ast-featured-img":"","footer-sml-layout":"","ast-disable-related-posts":"","theme-transparent-header-meta":"","adv-header-id-meta":"","stick-header-meta":"","header-above-stick-meta":"","header-main-stick-meta":"","header-below-stick-meta":"","astra-migrate-meta-layouts":"default","ast-page-background-enabled":"default","ast-page-background-meta":{"desktop":{"background-color":"var(--ast-global-color-5)","background-image":"","background-repeat":"repeat","background-position":"center center","background-size":"auto","background-attachment":"scroll","background-type":"","background-media":"","overlay-type":"","overlay-color":"","overlay-opacity":"","overlay-gradient":""},"tablet":{"background-color":"","background-image":"","background-repeat":"repeat","background-position":"center center","background-size":"auto","background-attachment":"scroll","background-type":"","background-media":"","overlay-type":"","overlay-color":"","overlay-opacity":"","overlay-gradient":""},"mobile":{"background-color":"","background-image":"","background-repeat":"repeat","background-position":"center center","background-size":"auto","background-attachment":"scroll","background-type":"","background-media":"","overlay-type":"","overlay-color":"","overlay-opacity":"","overlay-gradient":""}},"ast-content-background-meta":{"desktop":{"background-color":"var(--ast-global-color-4)","background-image":"","background-repeat":"repeat","background-position":"center center","background-size":"auto","background-attachment":"scroll","background-type":"","background-media":"","overlay-type":"","overlay-color":"","overlay-opacity":"","overlay-gradient":""},"tablet":{"background-color":"var(--ast-global-color-4)","background-image":"","background-repeat":"repeat","background-position":"center center","background-size":"auto","background-attachment":"scroll","background-type":"","background-media":"","overlay-type":"","overlay-color":"","overlay-opacity":"","overlay-gradient":""},"mobile":{"background-color":"var(--ast-global-color-4)","background-image":"","background-repeat":"repeat","background-position":"center center","background-size":"auto","background-attachment":"scroll","background-type":"","background-media":"","overlay-type":"","overlay-color":"","overlay-opacity":"","overlay-gradient":""}},"footnotes":""},"class_list":["post-69","page","type-page","status-publish","hentry"],"_links":{"self":[{"href":"https:\/\/carnesbrangus.com\/index.php\/wp-json\/wp\/v2\/pages\/69","targetHints":{"allow":["GET"]}}],"collection":[{"href":"https:\/\/carnesbrangus.com\/index.php\/wp-json\/wp\/v2\/pages"}],"about":[{"href":"https:\/\/carnesbrangus.com\/index.php\/wp-json\/wp\/v2\/types\/page"}],"author":[{"embeddable":true,"href":"https:\/\/carnesbrangus.com\/index.php\/wp-json\/wp\/v2\/users\/1"}],"replies":[{"embeddable":true,"href":"https:\/\/carnesbrangus.com\/index.php\/wp-json\/wp\/v2\/comments?post=69"}],"version-history":[{"count":32,"href":"https:\/\/carnesbrangus.com\/index.php\/wp-json\/wp\/v2\/pages\/69\/revisions"}],"predecessor-version":[{"id":1183,"href":"https:\/\/carnesbrangus.com\/index.php\/wp-json\/wp\/v2\/pages\/69\/revisions\/1183"}],"wp:attachment":[{"href":"https:\/\/carnesbrangus.com\/index.php\/wp-json\/wp\/v2\/media?parent=69"}],"curies":[{"name":"wp","href":"https:\/\/api.w.org\/{rel}","templated":true}]}}