{"id":67,"date":"2025-05-31T13:12:34","date_gmt":"2025-05-31T13:12:34","guid":{"rendered":"https:\/\/carnesbrangus.com\/?page_id=67"},"modified":"2025-11-18T20:54:04","modified_gmt":"2025-11-18T20:54:04","slug":"contacto","status":"publish","type":"page","link":"https:\/\/carnesbrangus.com\/index.php\/contacto\/","title":{"rendered":"Contacto"},"content":{"rendered":"\n<figure class=\"wp-block-image alignwide size-large\" style=\"border-radius: 30px; overflow: hidden;\">\n  <img decoding=\"async\" src=\"https:\/\/carnesbrangus.com\/wp-content\/uploads\/2025\/07\/ContactosBrangus.jpg\" alt=\"\" class=\"wp-image-407\" alt=\"\" class=\"wp-image-258\" style=\"border-radius: 30px;\">\n<\/figure>\n\n\n\n<section style=\"font-family: 'Segoe UI', sans-serif; font-size: 16px; color: #333; text-align: center; padding: 20px;\">\n  <div style=\"margin-bottom: 10px;\">\n   <h2 style=\"text-align: center; color: #800000;\">Contacto<\/h2>\n  <\/div>\n  <p style=\"max-width: 800px; margin: 0 auto; text-align: justify;\">\nEstamos disponibles para ti en todo momento. Puedes comunicarte con nuestro equipo a trav\u00e9s de nuestra p\u00e1gina web, atenci\u00f3n personalizada. Contamos con l\u00edneas telef\u00f3nicas habilitadas para brindarte asesor\u00eda directa y resolver cualquier inquietud que tengas.\n  <\/p>\n<\/section>\n\n\n\n<div class=\"wp-block-columns is-layout-flex wp-container-core-columns-is-layout-28f84493 wp-block-columns-is-layout-flex\">\n<div class=\"wp-block-column is-layout-flow wp-block-column-is-layout-flow\">\n<!-- Redes Sociales, Bot\u00f3n Reg\u00edstrate y Formulario -->\n<link rel=\"stylesheet\" href=\"https:\/\/cdnjs.cloudflare.com\/ajax\/libs\/font-awesome\/6.5.0\/css\/all.min.css\">\n\n<section style=\"font-family: 'Segoe UI', sans-serif; padding: 20px; text-align: center;\">\n  <!-- Redes sociales -->\n  <div style=\"margin-bottom: 20px;\">\n    <a href=\"https:\/\/www.instagram.com\/carnesbranguscolombia\/\" target=\"_blank\" style=\"margin: 0 20px; color: #800000; font-size: 30px; text-decoration: none;\">\n      <i class=\"fab fa-instagram\"><\/i>\n    <\/a>\n    <a href=\"https:\/\/www.facebook.com\/vmcarnesbrangus\/\" target=\"_blank\" style=\"margin: 0 20px; color: #800000; font-size: 30px; text-decoration: none;\">\n      <i class=\"fab fa-facebook\"><\/i>\n    <\/a>\n    <a href=\"https:\/\/wa.me\/573001112233\" target=\"_blank\" style=\"margin: 0 20px; color: #800000; font-size: 30px; text-decoration: none;\">\n      <i class=\"fab fa-whatsapp\"><\/i>\n    <\/a>\n  <\/div>\n\n  <!-- Bot\u00f3n ancho completo -->\n  <div style=\"max-width: 400px; margin: 0 auto;\">\n    <a href=\"#registro\" style=\"display: block; width: 100%; padding: 14px 0; background-color: #800000; color: white; border-radius: 6px; text-decoration: none; font-weight: bold; font-size: 16px;\">\n      <i class=\"fas fa-user-edit\" style=\"margin-right: 8px;\"><\/i>Reg\u00edstrate\n    <\/a>\n  <\/div>\n<\/section>\n\n<!-- Texto introductorio -->\n<section style=\"font-family: 'Segoe UI', sans-serif; font-size: 16px; color: #333; text-align: center; padding: 0 20px;\">\n  <p style=\"max-width: 800px; margin: 20px auto; text-align: justify;\">\n    \u00bfQuieres mantenerte al tanto de nuestras promociones, nuevos productos y novedades en nuestros puntos de venta?\n    Reg\u00edstrate ahora llenando nuestro formulario y forma parte de la familia.\n  <\/p>\n<\/section>\n\n<!-- Formulario de registro -->\n<form id=\"registro\" action=\"https:\/\/formspree.io\/f\/tu-endpoint\" method=\"POST\" style=\"max-width: 500px; margin: 30px auto; font-family: Arial, sans-serif; background-color: #ffffff; padding: 20px; border-radius: 10px; box-shadow: 0px 0px 10px rgba(0,0,0,0.1); scroll-margin-top: 100px;\">\n  <label for=\"name\" style=\"display:block; margin-top: 12px;\">Nombre completo:<\/label>\n  <input type=\"text\" name=\"name\" id=\"name\" required style=\"width: 100%; padding: 10px; border: 1px solid #ccc; border-radius: 5px;\">\n\n  <label for=\"email\" style=\"display:block; margin-top: 12px;\">Correo electr\u00f3nico:<\/label>\n  <input type=\"email\" name=\"email\" id=\"email\" required style=\"width: 100%; padding: 10px; border: 1px solid #ccc; border-radius: 5px;\">\n\n  <label for=\"phone\" style=\"display:block; margin-top: 12px;\">N\u00famero de tel\u00e9fono:<\/label>\n  <input type=\"tel\" name=\"phone\" id=\"phone\" required style=\"width: 100%; padding: 10px; border: 1px solid #ccc; border-radius: 5px;\">\n\n  <label for=\"message\" style=\"display:block; margin-top: 12px;\">Mensaje:<\/label>\n  <textarea name=\"message\" id=\"message\" rows=\"5\" required style=\"width: 100%; padding: 10px; border: 1px solid #ccc; border-radius: 5px;\"><\/textarea>\n\n  <button type=\"submit\" style=\"margin-top: 16px; padding: 10px 18px; background-color: #4CAF50; color: white; border: none; border-radius: 6px; cursor: pointer; font-size: 16px;\">\n    <i class=\"fas fa-paper-plane\" style=\"margin-right: 8px;\"><\/i>Enviar mensaje\n  <\/button>\n\n  <p style=\"font-size: 12px; color: gray; margin-top: 10px;\">Te responderemos lo m\u00e1s pronto posible.<\/p>\n<\/form>\n\n<!-- Scroll suave -->\n<script>\n  document.querySelectorAll('a[href^=\"#\"]').forEach(anchor => {\n    anchor.addEventListener('click', function(e) {\n      e.preventDefault();\n      const destino = document.querySelector(this.getAttribute('href'));\n      if (destino) {\n        destino.scrollIntoView({ behavior: 'smooth' });\n      }\n    });\n  });\n<\/script>\n<\/div>\n\n\n\n<div class=\"wp-block-column is-layout-flow wp-block-column-is-layout-flow\">\n<!-- Lista de sucursales sin t\u00edtulos ni palabra Brangus -->\n<link rel=\"stylesheet\" href=\"https:\/\/cdnjs.cloudflare.com\/ajax\/libs\/font-awesome\/6.5.0\/css\/all.min.css\">\n\n<section style=\"font-family: 'Segoe UI', sans-serif; color: #333; padding: 20px; max-width: 700px; margin: auto;\">\n\n  <!-- Alameda -->\n  <div style=\"margin-bottom: 25px;\">\n    <h4 style=\"color: #800000;\">Alameda<\/h4>\n    <p>\n      <i class=\"fas fa-location-dot\" style=\"color:#800000;\"><\/i> Cra. 23C # 8-02 B\/Alameda<br>\n      <i class=\"fas fa-phone-alt\" style=\"color:#800000;\"><\/i> 602 5575420 \u2013 322 6908124\n    <\/p>\n  <\/div>\n\n  <!-- Casona -->\n  <div style=\"margin-bottom: 25px;\">\n    <h4 style=\"color: #800000;\">Casona<\/h4>\n    <p>\n      <i class=\"fas fa-location-dot\" style=\"color:#800000;\"><\/i> Cra. 27 # 110-04 B\/Las Orqu\u00eddeas<br>\n      <i class=\"fas fa-phone-alt\" style=\"color:#800000;\"><\/i> 322 6908120\n    <\/p>\n  <\/div>\n\n  <!-- Decepaz -->\n  <div style=\"margin-bottom: 25px;\">\n    <h4 style=\"color: #800000;\">Decepaz<\/h4>\n    <p>\n      <i class=\"fas fa-location-dot\" style=\"color:#800000;\"><\/i> Calle 123 # 25B-08 Calimio Decepaz<br>\n      <i class=\"fas fa-phone-alt\" style=\"color:#800000;\"><\/i> 322 6908129\n    <\/p>\n  <\/div>\n\n  <!-- Jamund\u00ed -->\n  <div style=\"margin-bottom: 25px;\">\n    <h4 style=\"color: #800000;\">Jamund\u00ed<\/h4>\n    <p>\n      <i class=\"fas fa-location-dot\" style=\"color:#800000;\"><\/i> Calle 2 # 13A-83 Mall Plaza del Sol<br>\n      <i class=\"fas fa-phone-alt\" style=\"color:#800000;\"><\/i> 310 4619176\n    <\/p>\n  <\/div>\n\n  <!-- Villa del Lago -->\n  <div style=\"margin-bottom: 25px;\">\n    <h4 style=\"color: #800000;\">Villa del Lago<\/h4>\n    <p>\n      <i class=\"fas fa-location-dot\" style=\"color:#800000;\"><\/i> Cra. 25G # 72Sur-25 (Supermercado Casa Grande)<br>\n      <i class=\"fas fa-phone-alt\" style=\"color:#800000;\"><\/i> 317 6574520\n    <\/p>\n  <\/div>\n\n  <!-- Chiminangos -->\n  <div style=\"margin-bottom: 25px;\">\n    <h4 style=\"color: #800000;\">Chiminangos<\/h4>\n    <p>\n      <i class=\"fas fa-location-dot\" style=\"color:#800000;\"><\/i> Calle 62B # 1A9-250<br>\n      <i class=\"fas fa-phone-alt\" style=\"color:#800000;\"><\/i> 316 4735698\n    <\/p>\n  <\/div>\n\n  <!-- Naranjos -->\n  <div style=\"margin-bottom: 25px;\">\n    <h4 style=\"color: #800000;\">Naranjos<\/h4>\n    <p>\n      <i class=\"fas fa-location-dot\" style=\"color:#800000;\"><\/i> Calle 79 #26 C2 -29 B\/ Los Naranjos<br>\n      <i class=\"fas fa-phone-alt\" style=\"color:#800000;\"><\/i> 316 4781583\n    <\/p>\n  <\/div>\n\n<\/section>\n<\/div>\n<\/div>\n","protected":false},"excerpt":{"rendered":"<p>Contacto Estamos disponibles para ti en todo momento. Puedes comunicarte con nuestro equipo a trav\u00e9s de nuestra p\u00e1gina web, atenci\u00f3n [&hellip;]<\/p>\n","protected":false},"author":1,"featured_media":0,"parent":0,"menu_order":0,"comment_status":"closed","ping_status":"closed","template":"","meta":{"site-sidebar-layout":"default","site-content-layout":"","ast-site-content-layout":"default","site-content-style":"default","site-sidebar-style":"default","ast-global-header-display":"","ast-banner-title-visibility":"","ast-main-header-display":"","ast-hfb-above-header-display":"","ast-hfb-below-header-display":"","ast-hfb-mobile-header-display":"","site-post-title":"","ast-breadcrumbs-content":"","ast-featured-img":"","footer-sml-layout":"","ast-disable-related-posts":"","theme-transparent-header-meta":"","adv-header-id-meta":"","stick-header-meta":"","header-above-stick-meta":"","header-main-stick-meta":"","header-below-stick-meta":"","astra-migrate-meta-layouts":"default","ast-page-background-enabled":"default","ast-page-background-meta":{"desktop":{"background-color":"var(--ast-global-color-5)","background-image":"","background-repeat":"repeat","background-position":"center center","background-size":"auto","background-attachment":"scroll","background-type":"","background-media":"","overlay-type":"","overlay-color":"","overlay-opacity":"","overlay-gradient":""},"tablet":{"background-color":"","background-image":"","background-repeat":"repeat","background-position":"center center","background-size":"auto","background-attachment":"scroll","background-type":"","background-media":"","overlay-type":"","overlay-color":"","overlay-opacity":"","overlay-gradient":""},"mobile":{"background-color":"","background-image":"","background-repeat":"repeat","background-position":"center center","background-size":"auto","background-attachment":"scroll","background-type":"","background-media":"","overlay-type":"","overlay-color":"","overlay-opacity":"","overlay-gradient":""}},"ast-content-background-meta":{"desktop":{"background-color":"var(--ast-global-color-4)","background-image":"","background-repeat":"repeat","background-position":"center center","background-size":"auto","background-attachment":"scroll","background-type":"","background-media":"","overlay-type":"","overlay-color":"","overlay-opacity":"","overlay-gradient":""},"tablet":{"background-color":"var(--ast-global-color-4)","background-image":"","background-repeat":"repeat","background-position":"center center","background-size":"auto","background-attachment":"scroll","background-type":"","background-media":"","overlay-type":"","overlay-color":"","overlay-opacity":"","overlay-gradient":""},"mobile":{"background-color":"var(--ast-global-color-4)","background-image":"","background-repeat":"repeat","background-position":"center center","background-size":"auto","background-attachment":"scroll","background-type":"","background-media":"","overlay-type":"","overlay-color":"","overlay-opacity":"","overlay-gradient":""}},"footnotes":""},"class_list":["post-67","page","type-page","status-publish","hentry"],"_links":{"self":[{"href":"https:\/\/carnesbrangus.com\/index.php\/wp-json\/wp\/v2\/pages\/67","targetHints":{"allow":["GET"]}}],"collection":[{"href":"https:\/\/carnesbrangus.com\/index.php\/wp-json\/wp\/v2\/pages"}],"about":[{"href":"https:\/\/carnesbrangus.com\/index.php\/wp-json\/wp\/v2\/types\/page"}],"author":[{"embeddable":true,"href":"https:\/\/carnesbrangus.com\/index.php\/wp-json\/wp\/v2\/users\/1"}],"replies":[{"embeddable":true,"href":"https:\/\/carnesbrangus.com\/index.php\/wp-json\/wp\/v2\/comments?post=67"}],"version-history":[{"count":61,"href":"https:\/\/carnesbrangus.com\/index.php\/wp-json\/wp\/v2\/pages\/67\/revisions"}],"predecessor-version":[{"id":1267,"href":"https:\/\/carnesbrangus.com\/index.php\/wp-json\/wp\/v2\/pages\/67\/revisions\/1267"}],"wp:attachment":[{"href":"https:\/\/carnesbrangus.com\/index.php\/wp-json\/wp\/v2\/media?parent=67"}],"curies":[{"name":"wp","href":"https:\/\/api.w.org\/{rel}","templated":true}]}}