{"id":62,"date":"2025-05-31T13:06:46","date_gmt":"2025-05-31T13:06:46","guid":{"rendered":"https:\/\/carnesbrangus.com\/?page_id=62"},"modified":"2025-12-17T19:37:19","modified_gmt":"2025-12-17T19:37:19","slug":"inicio","status":"publish","type":"page","link":"https:\/\/carnesbrangus.com\/","title":{"rendered":"Inicio"},"content":{"rendered":"\n<!doctype html> \n<html lang=\"es\">\n<head>\n<meta charset=\"utf-8\" \/>\n<meta name=\"viewport\" content=\"width=device-width,initial-scale=1\"\/>\n<title>Carrusel con destello animado<\/title>\n\n<style>\n  :root{\n    --speed: 5s;            \n    --star-size: 120px;    \n    --glow-size: 240px;    \n  }\n\n  body { margin:0; background:#111; display:flex; align-items:center; justify-content:center; min-height:100vh; }\n\n  .banner-wrap{\n    position: relative;\n    width: min(1200px, 95vw);\n    aspect-ratio: 1024\/373;\n    overflow: hidden;\n    border-radius: 12px;\n    box-shadow: 0 10px 30px rgba(0,0,0,.5);\n  }\n\n  \/* --- CARRUSEL --- *\/\n  .slides {\n    position: absolute;\n    inset: 0;\n  }\n  .slides img {\n    position:absolute;\n    inset:0;\n    width:100%;\n    height:100%;\n    object-fit:cover;\n    opacity:0;\n    transition: opacity .6s ease-in-out;\n    filter: blur(0.4px) brightness(.88);\n  }\n  .slides img.active {\n    opacity:1;\n  }\n\n  \/* --- Shine \/ Estrella (igual que tu versi\u00f3n) --- *\/\n  .shine {\n    pointer-events: none;\n    position:absolute;\n    inset:0;\n    mix-blend-mode: screen;\n  }\n  .shine .spot {\n    position:absolute;\n    top:50%;\n    left:-20%;\n    width:var(--glow-size);\n    height:var(--glow-size);\n    transform:translate(-50%,-50%);\n    background: radial-gradient(ellipse at center,\n      rgba(255,255,220,0.95) 0%,\n      rgba(255,230,150,0.45) 25%,\n      rgba(255,180,80,0.12) 40%,\n      rgba(255,140,40,0.04) 55%,\n      rgba(0,0,0,0) 60%);\n    filter: blur(18px);\n    opacity:0;\n    animation: moveSpot var(--speed) linear infinite;\n  }\n\n  .star {\n    position:absolute;\n    width:var(--star-size);\n    height:var(--star-size);\n    left:-15%;\n    top:40%;\n    transform:translate(-50%,-50%) scale(.9);\n    opacity:0;\n    filter: drop-shadow(0 4px 12px rgba(255,200,80,.25));\n    animation: moveStar var(--speed) linear infinite;\n  }\n\n  .star .vline { opacity:.0; animation: starFlash var(--speed) linear infinite; }\n\n  @media (max-width:600px){\n    :root{ --star-size:72px; --glow-size:140px; --speed:4.5s; }\n  }\n\n  @keyframes moveSpot {\n    0%   { left: -25%; top: 35%; opacity:0; transform: translate(-50%,-50%) scale(.8); }\n    8%   { opacity:1; }\n    50%  { left: 50%; top: 30%; transform: translate(-50%,-50%) scale(1); }\n    85%  { opacity:.9; }\n    100% { left: 125%; top: 20%; opacity:0; transform: translate(-50%,-50%) scale(.9); }\n  }\n\n  @keyframes moveStar {\n    0%   { left:-25%; top:35%; opacity:0; transform: translate(-50%,-50%) rotate(-20deg) scale(.6); }\n    6%   { opacity:1; transform: translate(-50%,-50%) rotate(-10deg) scale(1); }\n    50%  { left:50%; top:30%; transform: translate(-50%,-50%) rotate(0deg) scale(1.05); }\n    90%  { opacity:.7; }\n    100% { left:125%; top:20%; opacity:0; transform: translate(-50%,-50%) rotate(20deg) scale(.7); }\n  }\n\n  @keyframes starFlash {\n    0% { opacity:0; transform: scaleY(.2); }\n    8% { opacity:.9; transform: scaleY(1); }\n    20% { opacity:0.4; transform: scaleY(.9); }\n    60% { opacity:0; transform: scaleY(.6); }\n    100%{ opacity:0; }\n  }\n\n  \/* Controles del carrusel *\/\n  .controls {\n    position:absolute;\n    inset:0;\n    display:flex;\n    justify-content:space-between;\n    align-items:center;\n    pointer-events:none;\n  }\n  .btn {\n    pointer-events:auto;\n    background:rgba(0,0,0,.4);\n    border:none;\n    color:white;\n    font-size:28px;\n    padding:8px 12px;\n    border-radius:6px;\n    cursor:pointer;\n    transition:background .2s;\n  }\n  .btn:hover {\n    background:rgba(0,0,0,.7);\n  }\n\n<\/style>\n<\/head>\n<body>\n\n<div class=\"banner-wrap\">\n\n  <!-- CARRUSEL -->\n  <div class=\"slides\">\n  <a href=\"https:\/\/carnesbrangus.com\/wp-content\/uploads\/2025\/11\/Terminos-Y-Condiciones-Concurso-de-Barril.pdf\"_blank\">\n    <img decoding=\"async\" src=\"https:\/\/carnesbrangus.com\/wp-content\/uploads\/2025\/11\/BANNERCONCURSO-edited-scaled.png\" class=\"active\">\n  <\/a>\n\n  <a href=\"https:\/\/carnesbrangus.com\/index.php\/navidad\/\" target=\"_blank\">\n    <img decoding=\"async\" src=\"https:\/\/carnesbrangus.com\/wp-content\/uploads\/2025\/11\/BANNER2-scaled.png\">\n  <\/a>\n\n  <a href=\"https:\/\/carnesbrangus.com\/index.php\/puntos-de-venta\/\" target=\"_blank\">\n    <img decoding=\"async\" src=\"https:\/\/carnesbrangus.com\/wp-content\/uploads\/2025\/11\/BANNER3-scaled.png\">\n  <\/a>\n  <\/div>\n\n  <!-- Shine -->\n  <div class=\"shine\" aria-hidden=\"true\">\n    <div class=\"spot\"><\/div>\n  <\/div>\n\n  <!-- Estrella -->\n  <svg class=\"star\" viewBox=\"0 0 100 100\" aria-hidden=\"true\">\n    <defs>\n      <filter id=\"g\" x=\"-50%\" y=\"-50%\" width=\"200%\" height=\"200%\">\n        <feGaussianBlur in=\"SourceGraphic\" stdDeviation=\"6\" result=\"b\"\/>\n        <feMerge><feMergeNode in=\"b\"\/><feMergeNode in=\"SourceGraphic\"\/><\/feMerge>\n      <\/filter>\n    <\/defs>\n    <g filter=\"url(#g)\" transform=\"translate(50,50)\">\n      <path d=\"M0,-34 L9,-6 36,-6 14,8 22,36 0,18 -22,36 -14,8 -36,-6 -9,-6 Z\"\n            fill=\"rgba(255,240,200,0.98)\" stroke=\"rgba(255,230,140,0.9)\" stroke-width=\"2\"\/>\n    <\/g>\n    <rect class=\"vline\" x=\"48.5\" y=\"8\" width=\"3\" height=\"84\" rx=\"1.5\" fill=\"rgba(255,245,200,0.9)\"\/>\n  <\/svg>\n\n  <!-- Controles manuales -->\n  <div class=\"controls\">\n    <button class=\"btn\" id=\"prev\">\u27e8<\/button>\n    <button class=\"btn\" id=\"next\">\u27e9<\/button>\n  <\/div>\n\n<\/div>\n\n<script>\nconst links = document.querySelectorAll('.slides a');\nconst slides = document.querySelectorAll('.slides img');\n  let index = 0;\n\nfunction showSlide(i){\n  slides.forEach(s => s.classList.remove('active'));\n  links.forEach(l => l.style.pointerEvents = \"none\"); \/\/ desactiva clics\n\n  slides[i].classList.add('active');\n  links[i].style.pointerEvents = \"auto\"; \/\/ activa solo el slide visible\n}\n\n  function nextSlide(){\n    index = (index + 1) % slides.length;\n    showSlide(index);\n  }\n\n  function prevSlide(){\n    index = (index - 1 + slides.length) % slides.length;\n    showSlide(index);\n  }\n\n  document.getElementById(\"next\").onclick = nextSlide;\n  document.getElementById(\"prev\").onclick = prevSlide;\n\n  setInterval(nextSlide, 15000);\n\n<\/script>\n\n<\/body>\n<\/html>\n\n\n\n<section style=\"font-family: 'Segoe UI', sans-serif; font-size: 16px; color: #333; text-align: justify; padding: 20px;\">\n  <p>\n  Registra tu factura ahora mismo en cualquiera de los puntos habilitados o escaneando el c\u00f3digo QR disponible en tu Punto de Venta Brangus:\n  <\/p>\n\n\n\n<div class=\"brangus-buttons\">\n  <a href=\"https:\/\/sorteo.carnesbrangus.com\/participa?sh4wd2=7\" class=\"brangus-btn\">Decepaz<\/a>\n  <a href=\"https:\/\/sorteo.carnesbrangus.com\/participa?sh4wd2=3\" class=\"brangus-btn\">Casona<\/a>\n  <a href=\"https:\/\/sorteo.carnesbrangus.com\/participa?sh4wd2=8\" class=\"brangus-btn\">Villa del Lago<\/a>\n  <a href=\"https:\/\/sorteo.carnesbrangus.com\/participa?sh4wd2=6\" class=\"brangus-btn\">Naranjos<\/a>\n  <a href=\"https:\/\/sorteo.carnesbrangus.com\/participa?sh4wd2=11\" class=\"brangus-btn\">Chiminangos<\/a>\n  <a href=\"https:\/\/sorteo.carnesbrangus.com\/participa?sh4wd2=9\" class=\"brangus-btn\">Jamund\u00ed<\/a>\n  <a href=\"https:\/\/sorteo.carnesbrangus.com\/participa?sh4wd2=5\" class=\"brangus-btn\">Alameda<\/a>\n<\/div>\n\n<style>\n  .brangus-buttons {\n    text-align: center;\n    margin: 20px 0;\n    white-space: nowrap;\n  }\n\n  .brangus-btn {\n    display: inline-block;\n    padding: 12px 18px;\n    margin: 6px;\n    text-decoration: none;\n    border-radius: 12px;\n    border: 1px solid #80000030;\n    background: #fffdf9;\n    color: #800000;\n    font-weight: 700;\n    font-family: 'Segoe UI', sans-serif;\n    box-shadow: 0 4px 12px rgba(0,0,0,0.05);\n    transition: 0.2s ease;\n  }\n\n  .brangus-btn:hover {\n    background: #800000;\n    color: #fff;\n    box-shadow: 0 6px 18px rgba(0,0,0,0.15);\n  }\n\n  @media (max-width: 600px) {\n    .brangus-buttons {\n      white-space: normal;\n    }\n    .brangus-btn {\n      display: block;\n      width: 100%;\n    }\n  }\n<\/style>\n\n\n\n<div class=\"wp-block-columns is-layout-flex wp-container-core-columns-is-layout-28f84493 wp-block-columns-is-layout-flex\">\n<div class=\"wp-block-column is-layout-flow wp-block-column-is-layout-flow\">\n<style>\n  .wp-block-embed__wrapper iframe {\n    width: 100%;\n    max-width: 560px;   \/* tama\u00f1o normal est\u00e1ndar *\/\n    height: 315px;\n    border: 2px solid #800000;\n    border-radius: 12px;\n    display: block;\n    margin: 0 auto;\n  }\n<\/style>\n\n<figure class=\"wp-block-embed is-type-video is-provider-youtube wp-block-embed-youtube wp-embed-aspect-16-9 wp-has-aspect-ratio\">\n  <div class=\"wp-block-embed__wrapper\">\n    <iframe \n      src=\"https:\/\/www.youtube.com\/embed\/oLitonJfvC0\"\n      title=\"YouTube video\"\n      frameborder=\"0\"\n      allow=\"accelerometer; autoplay; clipboard-write; encrypted-media; gyroscope; picture-in-picture\"\n      allowfullscreen>\n    <\/iframe>\n  <\/div>\n<\/figure>\n\n<\/div>\n\n\n\n<div class=\"wp-block-column is-layout-flow wp-block-column-is-layout-flow\">\n<style>\n  .brangus-box {\n    background-color: #fffdf9;\n    border: 2px solid #80000020;\n    border-radius: 20px;\n    padding: 40px 30px;\n    box-shadow: 0 8px 22px rgba(0, 0, 0, 0.08);\n    font-family: 'Segoe UI', sans-serif;\n    margin-bottom: 2rem;\n    text-align: center;\n  }\n\n  .brangus-feature {\n    display: flex;\n    align-items: flex-start;\n    gap: 20px;\n    margin-bottom: 0px;\n    justify-content: center;\n    text-align: left;\n  }\n\n  .brangus-feature img {\n    width: 55px;\n    height: 55px;\n  }\n\n  .brangus-feature h5 {\n    font-weight: 700;\n    color: #800000;\n    margin-bottom: 8px;\n  }\n\n  .brangus-feature p {\n    margin-bottom: 5px;\n    font-size: 15px;\n    color: #333;\n  }\n\n  @media (max-width: 768px) {\n    .brangus-feature {\n      flex-direction: column;\n      text-align: center;\n      align-items: center;\n    }\n\n    .brangus-feature h5,\n    .brangus-feature p {\n      text-align: center;\n    }\n  }\n<\/style>\n\n<div class=\"container\">\n  <div class=\"brangus-box\">\n    <div class=\"row justify-content-center\">\n      \n      <!-- Horarios de Domicilio -->\n      <div class=\"col-md-6\">\n        <div class=\"brangus-feature\">\n          <img decoding=\"async\" src=\"https:\/\/d1gvlij56ll33n.cloudfront.net\/products\/clock-fast-pink-641a8eb999363826864667.svg\" alt=\"Horario Icono\">\n          <div>\n            <h5>\ud83d\udd52 Horarios de domicilios<\/h5>\n            <p><strong>Lunes a S\u00e1bado:<\/strong> 7:00 a.m. &#8211; 4:00 p.m.<\/p>\n            <p><strong>Domingos y Festivos:<\/strong> 7:00 a.m. &#8211; 12:00 m.<\/p>\n          <\/div>\n        <\/div>\n      <\/div>\n\n      <!-- Tiempos de Entrega -->\n      <div class=\"col-md-6\">\n        <div class=\"brangus-feature\">\n          <img decoding=\"async\" src=\"https:\/\/d1gvlij56ll33n.cloudfront.net\/products\/delivery-fast-pink-641a8f7225d3b277722885.svg\" alt=\"Entrega Icono\">\n          <div>\n            <h5>\ud83d\ude9a Tiempos de entrega<\/h5>\n            <p><strong>Cortexpres y carnes fr\u00edas:<\/strong> aprox. 2 horas<\/p>\n            <p><strong>Carnes a granel:<\/strong> aprox. 3 horas<\/p>\n            <p style=\"font-size: 13px; color: #666;\"><em>*Aplican en cortes seleccionados para venta online<\/em><\/p>\n          <\/div>\n        <\/div>\n      <\/div>\n\n    <\/div>\n  <\/div>\n<\/div>\n<\/div>\n<\/div>\n\n\n\n<style>\n  #brangusModal {\n    position: fixed;\n    inset: 0;\n    display: flex;\n    justify-content: center;\n    align-items: center;\n    z-index: 9999;\n    pointer-events: none;\n  }\n\n  .modal-content-custom {\n    background: #fff;\n    border-radius: 10px;\n    max-width: 850px;\n    width: 95%;\n    overflow: hidden;\n    display: flex;\n    flex-wrap: wrap;\n    box-shadow: 0 10px 30px rgba(0, 0, 0, 0.2);\n    pointer-events: auto;\n  }\n\n  .modal-img {\n    flex: 1 1 300px;\n    background: url('https:\/\/carnesbrangus.com\/wp-content\/uploads\/2025\/07\/ContactosBrangus.jpg') center center \/ cover no-repeat;\n    min-height: 300px;\n  }\n\n  .modal-body {\n    flex: 1 1 300px;\n    padding: 30px;\n    position: relative;\n    display: flex;\n    flex-direction: column;\n    justify-content: center;\n    background: #fff;\n  }\n\n  .close-btn {\n    position: absolute;\n    top: 15px;\n    right: 15px;\n    font-size: 26px;\n    font-weight: bold;\n    cursor: pointer;\n    color: #333;\n  }\n\n  .btn-sub {\n    background: #b22222;\n    color: white;\n    border: none;\n    padding: 12px;\n    width: 100%;\n    border-radius: 4px;\n    font-weight: bold;\n    cursor: pointer;\n    margin-top: 15px;\n    transition: background 0.3s;\n  }\n\n  .btn-sub:hover {\n    background: #8b1a1a;\n  }\n\n  .close-text {\n    margin-top: 20px;\n    color: #666;\n    cursor: pointer;\n    text-align: center;\n    text-decoration: underline;\n  }\n\n  .data-link {\n    font-size: 11px;\n    margin-top: 10px;\n    text-align: center;\n  }\n\n  .data-link a {\n    color: #555;\n    text-decoration: underline;\n  }\n\n  @media (max-width: 768px) {\n    .modal-content-custom {\n      flex-direction: column;\n    }\n\n    .modal-img {\n      height: 200px;\n    }\n\n    .modal-body {\n      padding: 20px;\n    }\n  }\n<\/style>\n\n<div id=\"brangusModal\">\n  <div class=\"modal-content-custom\">\n    <div class=\"modal-img\"><\/div>\n    <div class=\"modal-body\">\n      <span class=\"close-btn\" onclick=\"document.getElementById('brangusModal').style.display='none'\">&times;<\/span>\n      <h2 style=\"color:#b22222;\">Carnes Brangus<\/h2>\n      <p>\u00a1Reg\u00edstrate y recibe <strong>10% de descuento<\/strong> en tu primera compra online!<\/p>\n\n      <!-- FORMULARIO CON ENV\u00cdO Y CIERRE -->\n      <form id=\"formBrangus\" action=\"https:\/\/formsubmit.co\/ajax\/carnesbrangusdm@gmail.com\" method=\"POST\">\n        <input type=\"email\" name=\"email\" required placeholder=\"Tu correo electr\u00f3nico\" style=\"width:100%;padding:10px;margin-top:10px;\">\n\n        <input type=\"hidden\" name=\"_captcha\" value=\"false\">\n\n        <button type=\"submit\" class=\"btn-sub\">Suscribirme<\/button>\n      <\/form>\n\n      <!-- ENLACE DE AUTORIZACI\u00d3N DE DATOS PERSONALES -->\n      <p class=\"data-link\">\n        <a href=\"https:\/\/carnesbrangus.com\/wp-content\/uploads\/2025\/11\/AUTORIZACION-PARA-EL-TRATAMIENTO-DE-DATOS-PERSONALES-DE-CLIENTES.docx.pdf\" target=\"_blank\">\n          Autorizaci\u00f3n de datos personales\n        <\/a>\n      <\/p>\n\n      <p class=\"close-text\" onclick=\"document.getElementById('brangusModal').style.display='none'\">No, gracias<\/p>\n    <\/div>\n  <\/div>\n<\/div>\n\n<script>\n  \/\/ Capturar el formulario e interceptar env\u00edo con AJAX\n  document.getElementById('formBrangus').addEventListener('submit', function(e) {\n    e.preventDefault(); \/\/ evita redirecci\u00f3n\n    const form = e.target;\n\n    fetch(form.action, {\n      method: form.method,\n      headers: {\n        'Content-Type': 'application\/json'\n      },\n      body: JSON.stringify({\n        email: form.email.value\n      })\n    })\n    .then(response => {\n      if (response.ok) {\n        \/\/ Cerrar el modal al enviar correctamente\n        document.getElementById('brangusModal').style.display = 'none';\n      } else {\n        alert('Hubo un error al enviar. Intenta nuevamente.');\n      }\n    })\n    .catch(error => {\n      console.error('Error:', error);\n      alert('No se pudo enviar el formulario.');\n    });\n  });\n<\/script>\n\n\n\n<style>\n  .btn-whatsapp {\n    position: fixed;\n    bottom: 20px;\n    left: 20px; \/* \u2190 Cambiado de 'right' a 'left' *\/\n    z-index: 999; \/* por debajo del popup si este usa z-index > 1000 *\/\n  }\n\n  .btn-whatsapp img {\n    width: 60px;\n    height: 60px;\n    transition: transform 0.3s ease;\n  }\n\n  .btn-whatsapp img:hover {\n    transform: scale(1.1);\n  }\n<\/style>\n\n<div class=\"btn-whatsapp\">\n  <a href=\"https:\/\/api.whatsapp.com\/send?phone=+573122411811&#038;text=Hola, Quisiera tener m\u00e1s informaci\u00f3n\" target=\"_blank\" rel=\"noopener noreferrer\">\n    <img decoding=\"async\" src=\"https:\/\/d1gvlij56ll33n.cloudfront.net\/products\/group-48096049-63a637053c745226176435.png\" alt=\"logo whatsapp\">\n  <\/a>\n<\/div>\n\n\n\n<figure class=\"wp-block-image alignwide size-large\" style=\"border-radius: 30px; overflow: hidden;\">\n  <img decoding=\"async\" src=\"https:\/\/carnesbrangus.com\/wp-content\/uploads\/2025\/11\/BANNER-PRINCIPAL-scaled.png\" alt=\"\" class=\"wp-image-258\" style=\"border-radius: 30px;\">\n<\/figure>\n\n\n\n<section style=\"font-family: 'Segoe UI', sans-serif; font-size: 16px; color: #333; text-align: justify; padding: 20px;\">\n  <p>\n  Somos una empresa vallecaucana l\u00edder en la industria c\u00e1rnica, con m\u00e1s de 40 a\u00f1os de experiencia e innovaci\u00f3n. Nos especializamos en procesos de desposte, alistamiento, comercializaci\u00f3n y distribuci\u00f3n de carnes fr\u00edas, bajo los m\u00e1s altos est\u00e1ndares tecnol\u00f3gicos y sanitarios. Contamos con registro INVIMA 178 DM (Desposte Mixto) y cumplimos con los lineamientos del sistema HACCP (An\u00e1lisis de Peligros y Puntos Cr\u00edticos de Control) y las Buenas Pr\u00e1cticas de Manufactura (BPM), lo que nos permite garantizar productos seguros y de alta calidad. Nuestro equipo est\u00e1 conformado por t\u00e9cnicos, tecn\u00f3logos y profesionales del sector alimenticio y agroindustrial, altamente capacitados y comprometidos con la excelencia en cada etapa del proceso. Contamos con una planta procesadora y siete puntos de venta estrat\u00e9gicamente ubicados, lo que nos permite atender de manera eficiente las necesidades del mercado.\n  <\/p>\n\n\n\n<div class=\"wp-block-columns is-layout-flex wp-container-core-columns-is-layout-28f84493 wp-block-columns-is-layout-flex\">\n<div class=\"wp-block-column is-layout-flow wp-block-column-is-layout-flow\">\n<section style=\"font-family: 'Segoe UI', sans-serif; font-size: 16px; color: #333; text-align: center; padding: 20px;\">\n  <div style=\"margin-bottom: 10px;\">\n    <a href=\"https:\/\/carnesbrangus.com\/index.php\/puntos-de-venta\/\" class=\"section-link\">\n      <div style=\"\n        width: 200px;\n        height: 200px;\n        overflow: hidden;\n        display: inline-block;\n        border-radius: 8px;\n        box-shadow: 0 2px 6px rgba(0,0,0,0.3);\n      \">\n        <img decoding=\"async\" src=\"https:\/\/carnesbrangus.com\/wp-content\/uploads\/2025\/11\/PuntoC-1-scaled-e1763498799243.png\" \n             alt=\"\u00cdcono historia\" \n             style=\"width: 100%; height: auto;\">\n      <\/div>\n    <\/a>\n    <h3 style=\"color: #800000; margin: 5px 0;\">\n      <a href=\"https:\/\/carnesbrangus.com\/index.php\/puntos-de-venta\/\" class=\"cert-link\">Puntos de Venta\n<\/a>\n    <\/h3>\n  <\/div>\n  <p>\nContamos con una red de puntos de venta que garantiza frescura, atenci\u00f3n y confianza.\n  <\/p>\n<\/section>\n\n<style>\n  .cert-link {\n    color: #800000;\n    text-decoration: none;\n    transition: color 0.3s ease;\n  }\n  .cert-link:hover {\n    color: #b30000; \n  }\n<\/style>\n<\/div>\n\n\n\n<div class=\"wp-block-column is-layout-flow wp-block-column-is-layout-flow\">\n<section style=\"font-family: 'Segoe UI', sans-serif; font-size: 16px; color: #333; text-align: center; padding: 20px;\">\r\n  <div style=\"margin-bottom: 10px;\">\r\n    <a href=\"https:\/\/carnesbrangus.com\/index.php\/talento-humano\/\" class=\"section-link\">\r\n      <div style=\"\r\n        width: 200px;\r\n        height: 200px;\r\n        overflow: hidden;\r\n        display: inline-block;\r\n        border-radius: 8px;\r\n        box-shadow: 0 2px 6px rgba(0,0,0,0.3);\r\n      \">\r\n        <img decoding=\"async\" src=\"https:\/\/carnesbrangus.com\/wp-content\/uploads\/2025\/06\/TalentoHumanoBrangus.jpg\" \r\n             alt=\"\u00cdcono historia\" \r\n             style=\"width: 100%; height: auto;\">\r\n      <\/div>\r\n    <\/a>\r\n    <h3 style=\"color: #800000; margin: 5px 0;\">\r\n      <a href=\"https:\/\/carnesbrangus.com\/index.php\/talento-humano\/\" class=\"cert-link\">Talento Humano\r\n<\/a>\r\n    <\/h3>\r\n  <\/div>\r\n  <p>\r\nNuestro equipo es el motor de nuestro crecimiento. Apostamos por el desarrollo.\r\n  <\/p>\r\n<\/section>\r\n\r\n<style>\r\n  .cert-link {\r\n    color: #800000;\r\n    text-decoration: none;\r\n    transition: color 0.3s ease;\r\n  }\r\n  .cert-link:hover {\r\n    color: #b30000; \r\n  }\r\n<\/style>\n<\/div>\n\n\n\n<div class=\"wp-block-column is-layout-flow wp-block-column-is-layout-flow\">\n<section style=\"font-family: 'Segoe UI', sans-serif; font-size: 16px; color: #333; text-align: center; padding: 20px;\">\r\n  <div style=\"margin-bottom: 10px;\">\r\n<a href=\"https:\/\/carnesbrangus.com\/index.php\/internacionalizacion\/\" class=\"section-link\">\r\n      <div style=\"\r\n        width: 200px;\r\n        height: 200px;\r\n        overflow: hidden;\r\n        display: inline-block;\r\n        border-radius: 8px;\r\n        box-shadow: 0 2px 6px rgba(0,0,0,0.3);\r\n      \">\r\n        <img decoding=\"async\" src=\"https:\/\/carnesbrangus.com\/wp-content\/uploads\/2025\/06\/InternacionalizacionBrangus.jpg\" \r\n             alt=\"\u00cdcono historia\" \r\n             style=\"width: 100%; height: auto;\">\r\n      <\/div>\r\n    <\/a>\r\n    <h3 style=\"color: #800000; margin: 5px 0;\">\r\n      <a href=\"https:\/\/carnesbrangus.com\/index.php\/internacionalizacion\/\" class=\"section-link\">Internacionalizaci\u00f3n\r\n<\/a>\r\n    <\/h3>\r\n  <\/div>\r\n  <p>\r\nLlevamos la calidad de nuestros productos m\u00e1s all\u00e1 de las fronteras.\r\n  <\/p>\r\n<\/section>\r\n<style>\r\n  .section-link {\r\n    color: #800000;\r\n    text-decoration: none;\r\n    transition: color 0.3s ease;\r\n  }\r\n  .section-link:hover {\r\n    color: #b30000;\r\n  }\r\n<\/style>\n<\/div>\n<\/div>\n\n\n\n<p><\/p>\n","protected":false},"excerpt":{"rendered":"<p>Carrusel con destello animado<\/p>\n","protected":false},"author":1,"featured_media":0,"parent":0,"menu_order":0,"comment_status":"closed","ping_status":"closed","template":"","meta":{"site-sidebar-layout":"default","site-content-layout":"","ast-site-content-layout":"default","site-content-style":"default","site-sidebar-style":"default","ast-global-header-display":"","ast-banner-title-visibility":"","ast-main-header-display":"","ast-hfb-above-header-display":"","ast-hfb-below-header-display":"","ast-hfb-mobile-header-display":"","site-post-title":"","ast-breadcrumbs-content":"","ast-featured-img":"","footer-sml-layout":"","ast-disable-related-posts":"","theme-transparent-header-meta":"","adv-header-id-meta":"","stick-header-meta":"","header-above-stick-meta":"","header-main-stick-meta":"","header-below-stick-meta":"","astra-migrate-meta-layouts":"default","ast-page-background-enabled":"default","ast-page-background-meta":{"desktop":{"background-color":"var(--ast-global-color-5)","background-image":"","background-repeat":"repeat","background-position":"center center","background-size":"auto","background-attachment":"scroll","background-type":"","background-media":"","overlay-type":"","overlay-color":"","overlay-opacity":"","overlay-gradient":""},"tablet":{"background-color":"","background-image":"","background-repeat":"repeat","background-position":"center center","background-size":"auto","background-attachment":"scroll","background-type":"","background-media":"","overlay-type":"","overlay-color":"","overlay-opacity":"","overlay-gradient":""},"mobile":{"background-color":"","background-image":"","background-repeat":"repeat","background-position":"center center","background-size":"auto","background-attachment":"scroll","background-type":"","background-media":"","overlay-type":"","overlay-color":"","overlay-opacity":"","overlay-gradient":""}},"ast-content-background-meta":{"desktop":{"background-color":"var(--ast-global-color-4)","background-image":"","background-repeat":"repeat","background-position":"center center","background-size":"auto","background-attachment":"scroll","background-type":"","background-media":"","overlay-type":"","overlay-color":"","overlay-opacity":"","overlay-gradient":""},"tablet":{"background-color":"var(--ast-global-color-4)","background-image":"","background-repeat":"repeat","background-position":"center center","background-size":"auto","background-attachment":"scroll","background-type":"","background-media":"","overlay-type":"","overlay-color":"","overlay-opacity":"","overlay-gradient":""},"mobile":{"background-color":"var(--ast-global-color-4)","background-image":"","background-repeat":"repeat","background-position":"center center","background-size":"auto","background-attachment":"scroll","background-type":"","background-media":"","overlay-type":"","overlay-color":"","overlay-opacity":"","overlay-gradient":""}},"footnotes":""},"class_list":["post-62","page","type-page","status-publish","hentry"],"_links":{"self":[{"href":"https:\/\/carnesbrangus.com\/index.php\/wp-json\/wp\/v2\/pages\/62","targetHints":{"allow":["GET"]}}],"collection":[{"href":"https:\/\/carnesbrangus.com\/index.php\/wp-json\/wp\/v2\/pages"}],"about":[{"href":"https:\/\/carnesbrangus.com\/index.php\/wp-json\/wp\/v2\/types\/page"}],"author":[{"embeddable":true,"href":"https:\/\/carnesbrangus.com\/index.php\/wp-json\/wp\/v2\/users\/1"}],"replies":[{"embeddable":true,"href":"https:\/\/carnesbrangus.com\/index.php\/wp-json\/wp\/v2\/comments?post=62"}],"version-history":[{"count":210,"href":"https:\/\/carnesbrangus.com\/index.php\/wp-json\/wp\/v2\/pages\/62\/revisions"}],"predecessor-version":[{"id":1305,"href":"https:\/\/carnesbrangus.com\/index.php\/wp-json\/wp\/v2\/pages\/62\/revisions\/1305"}],"wp:attachment":[{"href":"https:\/\/carnesbrangus.com\/index.php\/wp-json\/wp\/v2\/media?parent=62"}],"curies":[{"name":"wp","href":"https:\/\/api.w.org\/{rel}","templated":true}]}}