{"id":131,"date":"2025-05-31T14:45:21","date_gmt":"2025-05-31T14:45:21","guid":{"rendered":"https:\/\/carnesbrangus.com\/?page_id=131"},"modified":"2025-06-03T00:26:46","modified_gmt":"2025-06-03T00:26:46","slug":"gestion-calidad","status":"publish","type":"page","link":"https:\/\/carnesbrangus.com\/index.php\/gestion-calidad\/","title":{"rendered":"Gesti\u00f3n &#038; Calidad"},"content":{"rendered":"\n<div class=\"wp-block-columns is-layout-flex wp-container-core-columns-is-layout-28f84493 wp-block-columns-is-layout-flex\">\n<div class=\"wp-block-column is-layout-flow wp-block-column-is-layout-flow\">\n<figure class=\"wp-block-video\"><video height=\"1280\" style=\"aspect-ratio: 720 \/ 1280;\" width=\"720\" controls src=\"https:\/\/carnesbrangus.com\/wp-content\/uploads\/2025\/06\/Somos-una-marca-de-alta-calidad-carne-de-Res-y-de-cerdo-con-los-mas-altos-estandares.-\ud83d\udc3d\ud83d\udc02cali-caliescali-valledelcauca-res-cerdo-calielegante-calenos-colombia-vida-1.mp4\"><\/video><\/figure>\n<\/div>\n\n\n\n<div class=\"wp-block-column is-layout-flow wp-block-column-is-layout-flow\">\n<section style=\"font-family: 'Segoe UI', sans-serif; font-size: 16px; color: #333; text-align: center; padding: 20px;\">\n  <div style=\"margin-bottom: 10px;\">\n  <h2 style=\"text-align: center; color: #800000;\">Gesti\u00f3n &#038; Calidad\n<\/h2>\n  <\/div>\n  <p style=\"max-width: 800px; margin: 0 auto; text-align: justify;\">\nEn Carnes Brangus la gesti\u00f3n de calidad es el eje central de todas nuestras operaciones. Desde la recepci\u00f3n de materia prima hasta la entrega del producto final, aplicamos un enfoque sistem\u00e1tico basado en la mejora continua, la trazabilidad y el cumplimiento normativo.\n  <\/p>\n  <br>\n  <p style=\"max-width: 800px; margin: 0 auto; text-align: justify;\">\nContamos con un equipo multidisciplinario altamente capacitado que supervisa cada etapa de nuestros procesos, implementando herramientas de control estad\u00edstico, auditor\u00edas internas, programas de capacitaci\u00f3n continua y sistemas de retroalimentaci\u00f3n que nos permiten identificar oportunidades de mejora y asegurar la satisfacci\u00f3n del cliente.\n  <\/p>\n  <br>\n  <p style=\"max-width: 800px; margin: 0 auto; text-align: justify;\">\nNuestro compromiso con la calidad se materializa a trav\u00e9s de protocolos estrictos que garantizan el cumplimiento de par\u00e1metros f\u00edsicos, qu\u00edmicos y microbiol\u00f3gicos en todos nuestros productos c\u00e1rnicos.\n  <\/p>\n  <br>\n  <p style=\"max-width: 800px; margin: 0 auto; text-align: justify;\">\nEstos controles son documentados y verificados de acuerdo a normativas nacionales e internacionales, lo que nos permite asegurar la consistencia y seguridad de nuestros alimentos.\n  <\/p>\n  <br>\n  <p style=\"max-width: 800px; margin: 0 auto; text-align: justify;\">\nAdem\u00e1s, trabajamos bajo una cultura organizacional orientada a la excelencia, donde cada colaborador entiende la importancia de su rol dentro del sistema de gesti\u00f3n. Fomentamos pr\u00e1cticas responsables y sostenibles que aseguran la integridad del producto, el respeto al medio ambiente y el bienestar animal.\n  <\/p>\n  <br>\n  <p style=\"max-width: 800px; margin: 0 auto; text-align: justify;\">\nEn Carnes Brangus, la calidad no solo se mide, se vive. Cada corte de carne que ofrecemos refleja el cuidado, la experiencia y la tecnolog\u00eda que ponemos al servicio del consumidor.\n  <\/p>\n<\/section>\n<\/div>\n<\/div>\n","protected":false},"excerpt":{"rendered":"<p>Gesti\u00f3n &#038; Calidad En Carnes Brangus la gesti\u00f3n de calidad es el eje central de todas nuestras operaciones. Desde la [&hellip;]<\/p>\n","protected":false},"author":1,"featured_media":0,"parent":0,"menu_order":0,"comment_status":"closed","ping_status":"closed","template":"","meta":{"site-sidebar-layout":"default","site-content-layout":"","ast-site-content-layout":"default","site-content-style":"default","site-sidebar-style":"default","ast-global-header-display":"","ast-banner-title-visibility":"","ast-main-header-display":"","ast-hfb-above-header-display":"","ast-hfb-below-header-display":"","ast-hfb-mobile-header-display":"","site-post-title":"","ast-breadcrumbs-content":"","ast-featured-img":"","footer-sml-layout":"","ast-disable-related-posts":"","theme-transparent-header-meta":"","adv-header-id-meta":"","stick-header-meta":"","header-above-stick-meta":"","header-main-stick-meta":"","header-below-stick-meta":"","astra-migrate-meta-layouts":"default","ast-page-background-enabled":"default","ast-page-background-meta":{"desktop":{"background-color":"var(--ast-global-color-5)","background-image":"","background-repeat":"repeat","background-position":"center center","background-size":"auto","background-attachment":"scroll","background-type":"","background-media":"","overlay-type":"","overlay-color":"","overlay-opacity":"","overlay-gradient":""},"tablet":{"background-color":"","background-image":"","background-repeat":"repeat","background-position":"center center","background-size":"auto","background-attachment":"scroll","background-type":"","background-media":"","overlay-type":"","overlay-color":"","overlay-opacity":"","overlay-gradient":""},"mobile":{"background-color":"","background-image":"","background-repeat":"repeat","background-position":"center center","background-size":"auto","background-attachment":"scroll","background-type":"","background-media":"","overlay-type":"","overlay-color":"","overlay-opacity":"","overlay-gradient":""}},"ast-content-background-meta":{"desktop":{"background-color":"var(--ast-global-color-4)","background-image":"","background-repeat":"repeat","background-position":"center center","background-size":"auto","background-attachment":"scroll","background-type":"","background-media":"","overlay-type":"","overlay-color":"","overlay-opacity":"","overlay-gradient":""},"tablet":{"background-color":"var(--ast-global-color-4)","background-image":"","background-repeat":"repeat","background-position":"center center","background-size":"auto","background-attachment":"scroll","background-type":"","background-media":"","overlay-type":"","overlay-color":"","overlay-opacity":"","overlay-gradient":""},"mobile":{"background-color":"var(--ast-global-color-4)","background-image":"","background-repeat":"repeat","background-position":"center center","background-size":"auto","background-attachment":"scroll","background-type":"","background-media":"","overlay-type":"","overlay-color":"","overlay-opacity":"","overlay-gradient":""}},"footnotes":""},"class_list":["post-131","page","type-page","status-publish","hentry"],"_links":{"self":[{"href":"https:\/\/carnesbrangus.com\/index.php\/wp-json\/wp\/v2\/pages\/131","targetHints":{"allow":["GET"]}}],"collection":[{"href":"https:\/\/carnesbrangus.com\/index.php\/wp-json\/wp\/v2\/pages"}],"about":[{"href":"https:\/\/carnesbrangus.com\/index.php\/wp-json\/wp\/v2\/types\/page"}],"author":[{"embeddable":true,"href":"https:\/\/carnesbrangus.com\/index.php\/wp-json\/wp\/v2\/users\/1"}],"replies":[{"embeddable":true,"href":"https:\/\/carnesbrangus.com\/index.php\/wp-json\/wp\/v2\/comments?post=131"}],"version-history":[{"count":17,"href":"https:\/\/carnesbrangus.com\/index.php\/wp-json\/wp\/v2\/pages\/131\/revisions"}],"predecessor-version":[{"id":529,"href":"https:\/\/carnesbrangus.com\/index.php\/wp-json\/wp\/v2\/pages\/131\/revisions\/529"}],"wp:attachment":[{"href":"https:\/\/carnesbrangus.com\/index.php\/wp-json\/wp\/v2\/media?parent=131"}],"curies":[{"name":"wp","href":"https:\/\/api.w.org\/{rel}","templated":true}]}}